{"id":133,"date":"2014-12-22T04:38:23","date_gmt":"2014-12-22T04:38:23","guid":{"rendered":"http:\/\/localhost\/hotel\/?page_id=133"},"modified":"2020-01-20T04:07:28","modified_gmt":"2020-01-20T07:07:28","slug":"pontos-turisticos","status":"publish","type":"page","link":"https:\/\/www.pousadacajuva.com.br\/site\/pontos-turisticos\/","title":{"rendered":"Pontos tur\u00edsticos"},"content":{"rendered":"\n<div id=\"rev_slider_2_1_wrapper\" class=\"rev_slider_wrapper fullscreen-container\" style=\"background-color:#E9E9E9;padding:0px;\">\n<!-- START REVOLUTION SLIDER 5.1.6 fullscreen mode -->\n\t<div id=\"rev_slider_2_1\" class=\"rev_slider fullscreenbanner\" style=\"display:none;\" data-version=\"5.1.6\">\n<ul>\t<!-- SLIDE  -->\n\t<li data-index=\"rs-4\" data-transition=\"random\" data-slotamount=\"7\" data-hideafterloop=\"0\" data-hideslideonmobile=\"off\"  data-easein=\"default\" data-easeout=\"default\" data-masterspeed=\"1200\"  data-thumb=\"https:\/\/www.pousadacajuva.com.br\/site\/wp-content\/uploads\/2020\/01\/Fotourubici_Divulga\u00e7\u00e3o-Secretaria-de-Ind\u00fastria-Com\u00e9rcio-e-Turismo-de-Urubici_Divulga\u00e7\u00e3o-190x110.jpg\"  data-rotate=\"0\"  data-saveperformance=\"off\"  data-title=\"Slide\" data-param1=\"\" data-param2=\"\" data-param3=\"\" data-param4=\"\" data-param5=\"\" data-param6=\"\" data-param7=\"\" data-param8=\"\" data-param9=\"\" data-param10=\"\" data-description=\"\">\n\t\t<!-- MAIN IMAGE -->\n\t\t<img src=\"https:\/\/www.pousadacajuva.com.br\/site\/wp-content\/uploads\/2020\/01\/Fotourubici_Divulga\u00e7\u00e3o-Secretaria-de-Ind\u00fastria-Com\u00e9rcio-e-Turismo-de-Urubici_Divulga\u00e7\u00e3o.jpg\"  alt=\"\"  width=\"3028\" height=\"1530\" data-bgposition=\"center top\" data-bgfit=\"cover\" data-bgrepeat=\"no-repeat\" class=\"rev-slidebg\" data-no-retina>\n\t\t<!-- LAYERS -->\n\n\t\t<!-- LAYER NR. 1 -->\n\t\t<div class=\"tp-caption slidefull-text1   tp-resizeme\" \n\t\t\t id=\"slide-4-layer-1\" \n\t\t\t data-x=\"right\" data-hoffset=\"7\" \n\t\t\t data-y=\"center\" data-voffset=\"-200\" \n\t\t\t\t\t\tdata-width=\"['auto']\"\n\t\t\tdata-height=\"['auto']\"\n\t\t\tdata-transform_idle=\"o:1;\"\n \n\t\t\t data-transform_in=\"s:500;e:Linear.easeNone;\" \n\t\t\t data-transform_out=\"s:500;e:Linear.easeNone;s:500;e:Linear.easeNone;\" \n\t\t\tdata-start=\"1500\" \n\t\t\tdata-splitin=\"none\" \n\t\t\tdata-splitout=\"none\" \n\t\t\tdata-responsive_offset=\"on\" \n\n\t\t\t\n\t\t\tstyle=\"z-index: 5; white-space: nowrap; font-size: 40px; line-height: 22px; font-weight: 600; color: rgba(255, 255, 255, 1.00);background-color:rgba(2, 2, 2, 1.00);padding:10px 10px 10px 10px;border-color:rgba(2, 2, 2, 0.50);border-width:10px;\">IGREJA MATRIZ \n\t\t<\/div>\n\t<\/li>\n\t<!-- SLIDE  -->\n\t<li data-index=\"rs-5\" data-transition=\"random\" data-slotamount=\"7\" data-hideafterloop=\"0\" data-hideslideonmobile=\"off\"  data-easein=\"default\" data-easeout=\"default\" data-masterspeed=\"1200\"  data-thumb=\"https:\/\/www.pousadacajuva.com.br\/site\/wp-content\/uploads\/2020\/01\/Cascata-V\u00e9u-de-Noiva-turistas-Urubici-Suzani-Rovaris-15-190x110.jpg\"  data-rotate=\"0\"  data-saveperformance=\"off\"  data-title=\"Slide\" data-param1=\"\" data-param2=\"\" data-param3=\"\" data-param4=\"\" data-param5=\"\" data-param6=\"\" data-param7=\"\" data-param8=\"\" data-param9=\"\" data-param10=\"\" data-description=\"\">\n\t\t<!-- MAIN IMAGE -->\n\t\t<img src=\"https:\/\/www.pousadacajuva.com.br\/site\/wp-content\/uploads\/2020\/01\/Cascata-V\u00e9u-de-Noiva-turistas-Urubici-Suzani-Rovaris-15.jpg\"  alt=\"\"  width=\"2189\" height=\"1460\" data-bgposition=\"center top\" data-bgfit=\"cover\" data-bgrepeat=\"no-repeat\" class=\"rev-slidebg\" data-no-retina>\n\t\t<!-- LAYERS -->\n\n\t\t<!-- LAYER NR. 1 -->\n\t\t<div class=\"tp-caption slidefull-text1   tp-resizeme\" \n\t\t\t id=\"slide-5-layer-1\" \n\t\t\t data-x=\"right\" data-hoffset=\"7\" \n\t\t\t data-y=\"center\" data-voffset=\"-200\" \n\t\t\t\t\t\tdata-width=\"['auto']\"\n\t\t\tdata-height=\"['auto']\"\n\t\t\tdata-transform_idle=\"o:1;\"\n \n\t\t\t data-transform_in=\"s:500;e:Linear.easeNone;\" \n\t\t\t data-transform_out=\"s:500;e:Linear.easeNone;s:500;e:Linear.easeNone;\" \n\t\t\tdata-start=\"1500\" \n\t\t\tdata-splitin=\"none\" \n\t\t\tdata-splitout=\"none\" \n\t\t\tdata-responsive_offset=\"on\" \n\n\t\t\t\n\t\t\tstyle=\"z-index: 5; white-space: nowrap; font-size: 40px; line-height: 22px; font-weight: 600; color: rgba(255, 255, 255, 1.00);background-color:rgba(2, 2, 2, 1.00);padding:10px 10px 10px 10px;\">Cascata V\u00e9u da Noiva \n\t\t<\/div>\n\t<\/li>\n\t<!-- SLIDE  -->\n\t<li data-index=\"rs-6\" data-transition=\"random\" data-slotamount=\"7\" data-hideafterloop=\"0\" data-hideslideonmobile=\"off\"  data-easein=\"default\" data-easeout=\"default\" data-masterspeed=\"1200\"  data-thumb=\"https:\/\/www.pousadacajuva.com.br\/site\/wp-content\/uploads\/2020\/01\/neve-190x110.jpg\"  data-rotate=\"0\"  data-saveperformance=\"off\"  data-title=\"Slide\" data-param1=\"\" data-param2=\"\" data-param3=\"\" data-param4=\"\" data-param5=\"\" data-param6=\"\" data-param7=\"\" data-param8=\"\" data-param9=\"\" data-param10=\"\" data-description=\"\">\n\t\t<!-- MAIN IMAGE -->\n\t\t<img src=\"https:\/\/www.pousadacajuva.com.br\/site\/wp-content\/uploads\/2020\/01\/neve.jpg\"  alt=\"\"  width=\"960\" height=\"642\" data-bgposition=\"center top\" data-bgfit=\"cover\" data-bgrepeat=\"no-repeat\" class=\"rev-slidebg\" data-no-retina>\n\t\t<!-- LAYERS -->\n\n\t\t<!-- LAYER NR. 1 -->\n\t\t<div class=\"tp-caption slidefull-text1   tp-resizeme\" \n\t\t\t id=\"slide-6-layer-1\" \n\t\t\t data-x=\"right\" data-hoffset=\"7\" \n\t\t\t data-y=\"center\" data-voffset=\"-200\" \n\t\t\t\t\t\tdata-width=\"['auto']\"\n\t\t\tdata-height=\"['auto']\"\n\t\t\tdata-transform_idle=\"o:1;\"\n \n\t\t\t data-transform_in=\"s:500;e:Linear.easeNone;\" \n\t\t\t data-transform_out=\"s:500;s:500;\" \n\t\t\tdata-start=\"1500\" \n\t\t\tdata-splitin=\"none\" \n\t\t\tdata-splitout=\"none\" \n\t\t\tdata-responsive_offset=\"on\" \n\n\t\t\t\n\t\t\tstyle=\"z-index: 5; white-space: nowrap; font-size: 40px; line-height: 22px; font-weight: 600; color: rgba(255, 255, 255, 1.00);background-color:rgba(2, 2, 2, 1.00);padding:10px 10px 10px 10px;\">Quando o frio chega... \n\t\t<\/div>\n\t<\/li>\n\t<!-- SLIDE  -->\n\t<li data-index=\"rs-7\" data-transition=\"random\" data-slotamount=\"7\" data-hideafterloop=\"0\" data-hideslideonmobile=\"off\"  data-easein=\"default\" data-easeout=\"default\" data-masterspeed=\"1200\"  data-thumb=\"https:\/\/www.pousadacajuva.com.br\/site\/wp-content\/uploads\/2020\/01\/Foto_0413-1-scaled-190x110.jpg\"  data-rotate=\"0\"  data-saveperformance=\"off\"  data-title=\"Slide\" data-param1=\"\" data-param2=\"\" data-param3=\"\" data-param4=\"\" data-param5=\"\" data-param6=\"\" data-param7=\"\" data-param8=\"\" data-param9=\"\" data-param10=\"\" data-description=\"\">\n\t\t<!-- MAIN IMAGE -->\n\t\t<img src=\"https:\/\/www.pousadacajuva.com.br\/site\/wp-content\/uploads\/2020\/01\/Foto_0413-1-scaled.jpg\"  alt=\"\"  width=\"2560\" height=\"1920\" data-bgposition=\"center top\" data-bgfit=\"cover\" data-bgrepeat=\"no-repeat\" class=\"rev-slidebg\" data-no-retina>\n\t\t<!-- LAYERS -->\n\n\t\t<!-- LAYER NR. 1 -->\n\t\t<div class=\"tp-caption slidefull-text1   tp-resizeme\" \n\t\t\t id=\"slide-7-layer-1\" \n\t\t\t data-x=\"right\" data-hoffset=\"7\" \n\t\t\t data-y=\"center\" data-voffset=\"-200\" \n\t\t\t\t\t\tdata-width=\"['auto']\"\n\t\t\tdata-height=\"['auto']\"\n\t\t\tdata-transform_idle=\"o:1;\"\n \n\t\t\t data-transform_in=\"s:500;e:Linear.easeNone;\" \n\t\t\t data-transform_out=\"s:500;s:500;\" \n\t\t\tdata-start=\"1500\" \n\t\t\tdata-splitin=\"none\" \n\t\t\tdata-splitout=\"none\" \n\t\t\tdata-responsive_offset=\"on\" \n\n\t\t\t\n\t\t\tstyle=\"z-index: 5; white-space: nowrap; font-size: 40px; line-height: 22px; font-weight: 600; color: rgba(255, 255, 255, 1.00);background-color:rgba(2, 2, 2, 1.00);padding:10px 10px 10px 10px;\">Pedra Furada \n\t\t<\/div>\n\t<\/li>\n\t<!-- SLIDE  -->\n\t<li data-index=\"rs-8\" data-transition=\"random\" data-slotamount=\"7\" data-hideafterloop=\"0\" data-hideslideonmobile=\"off\"  data-easein=\"default\" data-easeout=\"default\" data-masterspeed=\"1200\"  data-thumb=\"https:\/\/www.pousadacajuva.com.br\/site\/wp-content\/uploads\/2020\/01\/avencall-190x110.jpg\"  data-rotate=\"0\"  data-saveperformance=\"off\"  data-title=\"Slide\" data-param1=\"\" data-param2=\"\" data-param3=\"\" data-param4=\"\" data-param5=\"\" data-param6=\"\" data-param7=\"\" data-param8=\"\" data-param9=\"\" data-param10=\"\" data-description=\"\">\n\t\t<!-- MAIN IMAGE -->\n\t\t<img src=\"https:\/\/www.pousadacajuva.com.br\/site\/wp-content\/uploads\/2020\/01\/avencall.jpg\"  alt=\"\"  width=\"1200\" height=\"900\" data-bgposition=\"center top\" data-bgfit=\"cover\" data-bgrepeat=\"no-repeat\" class=\"rev-slidebg\" data-no-retina>\n\t\t<!-- LAYERS -->\n\n\t\t<!-- LAYER NR. 1 -->\n\t\t<div class=\"tp-caption slidefull-text1   tp-resizeme\" \n\t\t\t id=\"slide-8-layer-1\" \n\t\t\t data-x=\"right\" data-hoffset=\"7\" \n\t\t\t data-y=\"center\" data-voffset=\"-200\" \n\t\t\t\t\t\tdata-width=\"['auto']\"\n\t\t\tdata-height=\"['auto']\"\n\t\t\tdata-transform_idle=\"o:1;\"\n \n\t\t\t data-transform_in=\"s:500;e:Linear.easeNone;\" \n\t\t\t data-transform_out=\"s:500;s:500;\" \n\t\t\tdata-start=\"1500\" \n\t\t\tdata-splitin=\"none\" \n\t\t\tdata-splitout=\"none\" \n\t\t\tdata-responsive_offset=\"on\" \n\n\t\t\t\n\t\t\tstyle=\"z-index: 5; white-space: nowrap; font-size: 40px; line-height: 22px; font-weight: 600; color: rgba(255, 255, 255, 1.00);background-color:rgba(2, 2, 2, 1.00);padding:10px 10px 10px 10px;\">Parque Cascata do Avencal \n\t\t<\/div>\n\t<\/li>\n\t<!-- SLIDE  -->\n\t<li data-index=\"rs-9\" data-transition=\"random\" data-slotamount=\"7\" data-hideafterloop=\"0\" data-hideslideonmobile=\"off\"  data-easein=\"default\" data-easeout=\"default\" data-masterspeed=\"1200\"  data-thumb=\"https:\/\/www.pousadacajuva.com.br\/site\/wp-content\/uploads\/2020\/01\/Caverna-Rio-dos-Bugres-190x110.jpg\"  data-rotate=\"0\"  data-saveperformance=\"off\"  data-title=\"Slide\" data-param1=\"\" data-param2=\"\" data-param3=\"\" data-param4=\"\" data-param5=\"\" data-param6=\"\" data-param7=\"\" data-param8=\"\" data-param9=\"\" data-param10=\"\" data-description=\"\">\n\t\t<!-- MAIN IMAGE -->\n\t\t<img src=\"https:\/\/www.pousadacajuva.com.br\/site\/wp-content\/uploads\/2020\/01\/Caverna-Rio-dos-Bugres.jpg\"  alt=\"\"  width=\"1024\" height=\"768\" data-bgposition=\"center top\" data-bgfit=\"cover\" data-bgrepeat=\"no-repeat\" class=\"rev-slidebg\" data-no-retina>\n\t\t<!-- LAYERS -->\n\n\t\t<!-- LAYER NR. 1 -->\n\t\t<div class=\"tp-caption slidefull-text1   tp-resizeme\" \n\t\t\t id=\"slide-9-layer-1\" \n\t\t\t data-x=\"right\" data-hoffset=\"7\" \n\t\t\t data-y=\"center\" data-voffset=\"-200\" \n\t\t\t\t\t\tdata-width=\"['auto']\"\n\t\t\tdata-height=\"['auto']\"\n\t\t\tdata-transform_idle=\"o:1;\"\n \n\t\t\t data-transform_in=\"s:500;e:Linear.easeNone;\" \n\t\t\t data-transform_out=\"s:500;s:500;\" \n\t\t\tdata-start=\"1500\" \n\t\t\tdata-splitin=\"none\" \n\t\t\tdata-splitout=\"none\" \n\t\t\tdata-responsive_offset=\"on\" \n\n\t\t\t\n\t\t\tstyle=\"z-index: 5; white-space: nowrap; font-size: 40px; line-height: 22px; font-weight: 600; color: rgba(255, 255, 255, 1.00);background-color:rgba(2, 2, 2, 1.00);padding:10px 10px 10px 10px;\">Caverna Rio dos Bugres \n\t\t<\/div>\n\t<\/li>\n\t<!-- SLIDE  -->\n\t<li data-index=\"rs-10\" data-transition=\"random\" data-slotamount=\"7\" data-hideafterloop=\"0\" data-hideslideonmobile=\"off\"  data-easein=\"default\" data-easeout=\"default\" data-masterspeed=\"1200\"  data-thumb=\"https:\/\/www.pousadacajuva.com.br\/site\/wp-content\/uploads\/2020\/01\/Serra_do_Rio_do_Rastro-scaled-190x110.jpg\"  data-rotate=\"0\"  data-saveperformance=\"off\"  data-title=\"Slide\" data-param1=\"\" data-param2=\"\" data-param3=\"\" data-param4=\"\" data-param5=\"\" data-param6=\"\" data-param7=\"\" data-param8=\"\" data-param9=\"\" data-param10=\"\" data-description=\"\">\n\t\t<!-- MAIN IMAGE -->\n\t\t<img src=\"https:\/\/www.pousadacajuva.com.br\/site\/wp-content\/uploads\/2020\/01\/Serra_do_Rio_do_Rastro-scaled.jpg\"  alt=\"\"  width=\"2560\" height=\"1837\" data-bgposition=\"center top\" data-bgfit=\"cover\" data-bgrepeat=\"no-repeat\" class=\"rev-slidebg\" data-no-retina>\n\t\t<!-- LAYERS -->\n\n\t\t<!-- LAYER NR. 1 -->\n\t\t<div class=\"tp-caption slidefull-text1   tp-resizeme\" \n\t\t\t id=\"slide-10-layer-1\" \n\t\t\t data-x=\"right\" data-hoffset=\"7\" \n\t\t\t data-y=\"center\" data-voffset=\"-200\" \n\t\t\t\t\t\tdata-width=\"['auto']\"\n\t\t\tdata-height=\"['auto']\"\n\t\t\tdata-transform_idle=\"o:1;\"\n \n\t\t\t data-transform_in=\"s:500;e:Linear.easeNone;\" \n\t\t\t data-transform_out=\"s:500;s:500;\" \n\t\t\tdata-start=\"1500\" \n\t\t\tdata-splitin=\"none\" \n\t\t\tdata-splitout=\"none\" \n\t\t\tdata-responsive_offset=\"on\" \n\n\t\t\t\n\t\t\tstyle=\"z-index: 5; white-space: nowrap; font-size: 40px; line-height: 22px; font-weight: 600; color: rgba(255, 255, 255, 1.00);background-color:rgba(2, 2, 2, 1.00);padding:10px 10px 10px 10px;\"> Serra do Rio do Rastro \n\t\t<\/div>\n\t<\/li>\n\t<!-- SLIDE  -->\n\t<li data-index=\"rs-11\" data-transition=\"random\" data-slotamount=\"7\" data-hideafterloop=\"0\" data-hideslideonmobile=\"off\"  data-easein=\"default\" data-easeout=\"default\" data-masterspeed=\"1200\"  data-thumb=\"https:\/\/www.pousadacajuva.com.br\/site\/wp-content\/uploads\/2020\/01\/serra-do-corvo-branco-e1579503957553-190x110.jpg\"  data-rotate=\"0\"  data-saveperformance=\"off\"  data-title=\"Slide\" data-param1=\"\" data-param2=\"\" data-param3=\"\" data-param4=\"\" data-param5=\"\" data-param6=\"\" data-param7=\"\" data-param8=\"\" data-param9=\"\" data-param10=\"\" data-description=\"\">\n\t\t<!-- MAIN IMAGE -->\n\t\t<img src=\"https:\/\/www.pousadacajuva.com.br\/site\/wp-content\/uploads\/2020\/01\/serra-do-corvo-branco-e1579503957553.jpg\"  alt=\"\"  width=\"1193\" height=\"668\" data-bgposition=\"center top\" data-bgfit=\"cover\" data-bgrepeat=\"no-repeat\" class=\"rev-slidebg\" data-no-retina>\n\t\t<!-- LAYERS -->\n\n\t\t<!-- LAYER NR. 1 -->\n\t\t<div class=\"tp-caption slidefull-text1   tp-resizeme\" \n\t\t\t id=\"slide-11-layer-1\" \n\t\t\t data-x=\"right\" data-hoffset=\"7\" \n\t\t\t data-y=\"center\" data-voffset=\"-200\" \n\t\t\t\t\t\tdata-width=\"['auto']\"\n\t\t\tdata-height=\"['auto']\"\n\t\t\tdata-transform_idle=\"o:1;\"\n \n\t\t\t data-transform_in=\"s:500;e:Linear.easeNone;\" \n\t\t\t data-transform_out=\"s:500;s:500;\" \n\t\t\tdata-start=\"1500\" \n\t\t\tdata-splitin=\"none\" \n\t\t\tdata-splitout=\"none\" \n\t\t\tdata-responsive_offset=\"on\" \n\n\t\t\t\n\t\t\tstyle=\"z-index: 5; white-space: nowrap; font-size: 40px; line-height: 22px; font-weight: 600; color: rgba(255, 255, 255, 1.00);background-color:rgba(2, 2, 2, 1.00);padding:10px 10px 10px 10px;\">Serra do Corvo Branco \n\t\t<\/div>\n\t<\/li>\n<\/ul>\n<div class=\"tp-bannertimer\" style=\"height: 5px; background-color: rgba(0, 0, 0, 0.15);\"><\/div>\t<\/div>\n<script>var htmlDiv = document.getElementById(\"rs-plugin-settings-inline-css\"); var htmlDivCss=\"\";\r\n\t\t\t\tif(htmlDiv) {\r\n\t\t\t\t\thtmlDiv.innerHTML = htmlDiv.innerHTML + htmlDivCss;\r\n\t\t\t\t}else{\r\n\t\t\t\t\tvar htmlDiv = document.createElement(\"div\");\r\n\t\t\t\t\thtmlDiv.innerHTML = \"<style>\" + htmlDivCss + \"<\/style>\";\r\n\t\t\t\t\tdocument.getElementsByTagName(\"head\")[0].appendChild(htmlDiv.childNodes[0]);\r\n\t\t\t\t}\r\n\t\t\t<\/script>\n\t\t<script type=\"text\/javascript\">\r\n\t\t\t\t\t\t\/******************************************\r\n\t\t\t\t-\tPREPARE PLACEHOLDER FOR SLIDER\t-\r\n\t\t\t******************************************\/\r\n\r\n\t\t\tvar setREVStartSize=function(){\r\n\t\t\t\ttry{var e=new Object,i=jQuery(window).width(),t=9999,r=0,n=0,l=0,f=0,s=0,h=0;\r\n\t\t\t\t\te.c = jQuery('#rev_slider_2_1');\r\n\t\t\t\t\te.gridwidth = [1200];\r\n\t\t\t\t\te.gridheight = [800];\r\n\t\t\t\t\t\t\t\r\n\t\t\t\t\te.sliderLayout = \"fullscreen\";\r\n\t\t\t\t\te.fullScreenAutoWidth='off';\r\n\t\t\t\t\te.fullScreenAlignForce='on';\r\n\t\t\t\t\te.fullScreenOffsetContainer= '.md-header';\r\n\t\t\t\t\te.fullScreenOffset='';\r\n\t\t\t\t\tif(e.responsiveLevels&&(jQuery.each(e.responsiveLevels,function(e,f){f>i&&(t=r=f,l=e),i>f&&f>r&&(r=f,n=e)}),t>r&&(l=n)),f=e.gridheight[l]||e.gridheight[0]||e.gridheight,s=e.gridwidth[l]||e.gridwidth[0]||e.gridwidth,h=i\/s,h=h>1?1:h,f=Math.round(h*f),\"fullscreen\"==e.sliderLayout){var u=(e.c.width(),jQuery(window).height());if(void 0!=e.fullScreenOffsetContainer){var c=e.fullScreenOffsetContainer.split(\",\");if (c) jQuery.each(c,function(e,i){u=jQuery(i).length>0?u-jQuery(i).outerHeight(!0):u}),e.fullScreenOffset.split(\"%\").length>1&&void 0!=e.fullScreenOffset&&e.fullScreenOffset.length>0?u-=jQuery(window).height()*parseInt(e.fullScreenOffset,0)\/100:void 0!=e.fullScreenOffset&&e.fullScreenOffset.length>0&&(u-=parseInt(e.fullScreenOffset,0))}f=u}else void 0!=e.minHeight&&f<e.minHeight&&(f=e.minHeight);e.c.closest(\".rev_slider_wrapper\").css({height:f})\r\n\t\t\t\t\t\r\n\t\t\t\t}catch(d){console.log(\"Failure at Presize of Slider:\"+d)}\r\n\t\t\t};\r\n\t\t\t\t\t\t\r\n\t\t\t\t\r\n\t\t\tsetREVStartSize();\r\n\t\t\tfunction revslider_showDoubleJqueryError(sliderID) {\r\n\t\t\t\t\tvar errorMessage = \"Revolution Slider Error: You have some jquery.js library include that comes after the revolution files js include.\";\r\n\t\t\t\t\terrorMessage += \"<br> This includes make eliminates the revolution slider libraries, and make it not work.\";\r\n\t\t\t\t\terrorMessage += \"<br><br> To fix it you can:<br>&nbsp;&nbsp;&nbsp; 1. In the Slider Settings -> Troubleshooting set option:  <strong><b>Put JS Includes To Body<\/b><\/strong> option to true.\";\r\n\t\t\t\t\terrorMessage += \"<br>&nbsp;&nbsp;&nbsp; 2. Find the double jquery.js include and remove it.\";\r\n\t\t\t\t\terrorMessage = \"<span style='font-size:16px;color:#BC0C06;'>\" + errorMessage + \"<\/span>\";\r\n\t\t\t\t\t\tjQuery(sliderID).show().html(errorMessage);\r\n\t\t\t\t}\r\n\t\t\t\t\t\tvar tpj=jQuery;\r\n\t\t\ttpj.noConflict();\r\n\t\t\tvar revapi2;\r\n\t\t\ttpj(document).ready(function() {\n\t\t\t\tif(tpj(\"#rev_slider_2_1\").revolution == undefined){\n\t\t\t\t\trevslider_showDoubleJqueryError(\"#rev_slider_2_1\");\n\t\t\t\t}else{\n\t\t\t\t\trevapi2 = tpj(\"#rev_slider_2_1\").show().revolution({\n\t\t\t\t\t\tsliderType:\"standard\",\njsFileLocation:\"\/\/www.pousadacajuva.com.br\/site\/wp-content\/plugins\/revslider\/public\/assets\/js\/\",\n\t\t\t\t\t\tsliderLayout:\"fullscreen\",\n\t\t\t\t\t\tdottedOverlay:\"none\",\n\t\t\t\t\t\tdelay:5000,\n\t\t\t\t\t\tnavigation: {\n\t\t\t\t\t\t\tkeyboardNavigation:\"off\",\n\t\t\t\t\t\t\tkeyboard_direction: \"horizontal\",\n\t\t\t\t\t\t\tmouseScrollNavigation:\"off\",\n\t\t\t\t\t\t\tonHoverStop:\"off\",\n\t\t\t\t\t\t\ttouch:{\n\t\t\t\t\t\t\t\ttouchenabled:\"on\",\n\t\t\t\t\t\t\t\tswipe_threshold: 75,\n\t\t\t\t\t\t\t\tswipe_min_touches: 1,\n\t\t\t\t\t\t\t\tswipe_direction: \"horizontal\",\n\t\t\t\t\t\t\t\tdrag_block_vertical: false\n\t\t\t\t\t\t\t}\n\t\t\t\t\t\t\t,\n\t\t\t\t\t\t\tthumbnails: {\n\t\t\t\t\t\t\t\tstyle:\"hesperiden\",\n\t\t\t\t\t\t\t\tenable:true,\n\t\t\t\t\t\t\t\twidth:190,\n\t\t\t\t\t\t\t\theight:110,\n\t\t\t\t\t\t\t\tmin_width:100,\n\t\t\t\t\t\t\t\twrapper_padding:5,\n\t\t\t\t\t\t\t\twrapper_color:\"transparent\",\n\t\t\t\t\t\t\t\twrapper_opacity:\"1\",\n\t\t\t\t\t\t\t\ttmp:'<span class=\"tp-thumb-image\"><\/span><span class=\"tp-thumb-title\">{{title}}<\/span>',\n\t\t\t\t\t\t\t\tvisibleAmount:10,\n\t\t\t\t\t\t\t\thide_onmobile:false,\n\t\t\t\t\t\t\t\thide_onleave:true,\n\t\t\t\t\t\t\t\thide_delay:200,\n\t\t\t\t\t\t\t\thide_delay_mobile:1200,\n\t\t\t\t\t\t\t\tdirection:\"horizontal\",\n\t\t\t\t\t\t\t\tspan:false,\n\t\t\t\t\t\t\t\tposition:\"inner\",\n\t\t\t\t\t\t\t\tspace:5,\n\t\t\t\t\t\t\t\th_align:\"center\",\n\t\t\t\t\t\t\t\tv_align:\"bottom\",\n\t\t\t\t\t\t\t\th_offset:0,\n\t\t\t\t\t\t\t\tv_offset:20\n\t\t\t\t\t\t\t}\n\t\t\t\t\t\t},\n\t\t\t\t\t\tvisibilityLevels:[1240,1024,778,480],\n\t\t\t\t\t\tgridwidth:1200,\n\t\t\t\t\t\tgridheight:800,\n\t\t\t\t\t\tlazyType:\"none\",\n\t\t\t\t\t\tshadow:0,\n\t\t\t\t\t\tspinner:\"spinner2\",\n\t\t\t\t\t\tstopLoop:\"off\",\n\t\t\t\t\t\tstopAfterLoops:-1,\n\t\t\t\t\t\tstopAtSlide:-1,\n\t\t\t\t\t\tshuffle:\"off\",\n\t\t\t\t\t\tautoHeight:\"off\",\n\t\t\t\t\t\tfullScreenAutoWidth:\"off\",\n\t\t\t\t\t\tfullScreenAlignForce:\"on\",\n\t\t\t\t\t\tfullScreenOffsetContainer: \".md-header\",\n\t\t\t\t\t\tfullScreenOffset: \"\",\n\t\t\t\t\t\thideThumbsOnMobile:\"off\",\n\t\t\t\t\t\thideSliderAtLimit:0,\n\t\t\t\t\t\thideCaptionAtLimit:0,\n\t\t\t\t\t\thideAllCaptionAtLilmit:0,\n\t\t\t\t\t\tdebugMode:false,\n\t\t\t\t\t\tfallbacks: {\n\t\t\t\t\t\t\tsimplifyAll:\"off\",\n\t\t\t\t\t\t\tnextSlideOnWindowFocus:\"off\",\n\t\t\t\t\t\t\tdisableFocusListener:false,\n\t\t\t\t\t\t}\n\t\t\t\t\t});\n\t\t\t\t}\n\t\t\t});\t\/*ready*\/\n\t\t<\/script>\r\n\t\t<script>\r\n\t\t\t\t\tvar htmlDivCss = ' #rev_slider_2_1_wrapper .tp-loader.spinner2{ background-color: #FFFFFF !important; } ';\r\n\t\t\t\t\tvar htmlDiv = document.getElementById('rs-plugin-settings-inline-css');\r\n\t\t\t\t\tif(htmlDiv) {\r\n\t\t\t\t\t\thtmlDiv.innerHTML = htmlDiv.innerHTML + htmlDivCss;\r\n\t\t\t\t\t}\r\n\t\t\t\t\telse{\r\n\t\t\t\t\t\tvar htmlDiv = document.createElement('div');\r\n\t\t\t\t\t\thtmlDiv.innerHTML = '<style>' + htmlDivCss + '<\/style>';\r\n\t\t\t\t\t\tdocument.getElementsByTagName('head')[0].appendChild(htmlDiv.childNodes[0]);\r\n\t\t\t\t\t}\r\n\t\t\t\t\t<\/script>\r\n\t\t\t\t\t<script>\r\n\t\t\t\t\tvar htmlDivCss = unescape(\".tp-bullets.tp-thumbs%20%7B%0A%09bottom%3A%200%20%21important%3B%0A%09padding%3A%200%20%21important%3B%0A%7D%0A.tp-bullets.tp-thumbs%20.bullet%20%7B%0A%09position%3A%20relative%20%21important%3B%0A%09background-color%3A%20transparent%20%21important%3B%0A%09opacity%3A%201%20%21important%3B%0A%7D%0A.tp-bullets.tp-thumbs%20.bullet%3Abefore%2C%0A.tp-bullets.tp-thumbs%20.bullet%3Aafter%20%7B%0A%09content%3A%20%22%22%3B%0A%09position%3A%20absolute%3B%0A%09top%3A%200%3B%0A%09left%3A%200%3B%0A%09right%3A%200%3B%0A%09bottom%3A%200%3B%0A%7D%0A.tp-bullets.tp-thumbs%20.bullet%3Ahover%3Abefore%2C%0A.tp-bullets.tp-thumbs%20.bullet.selected%3Abefore%20%7B%0A%09border%3A%204px%20solid%20rgb%28162%2C%20144%2C%2097%29%3B%0A%7D%0A.tp-bullets.tp-thumbs%20.bullet%3Aafter%20%7B%0A%09content%3A%20%22%22%3B%0A%09position%3A%20absolute%3B%0A%09top%3A%200%3B%0A%09left%3A%200%3B%0A%09right%3A%200%3B%0A%09bottom%3A%200%3B%0A%09background-image%3A%20url%28%22http%3A%2F%2Fdemo.awethemes.com%2Fflawleshotel%2Fwp-content%2Fuploads%2F2015%2F02%2Fpattern.png%22%29%3B%0A%09background-repeat%3A%20repeat%3B%0A%7D%0A.tp-bullets.tp-thumbs%20.bullet%3Ahover%3Aafter%2C%20%0A.tp-bullets.tp-thumbs%20.bullet.selected%3Aafter%20%7B%0A%09background-image%3A%20none%3B%0A%7D\");\r\n\t\t\t\t\tvar htmlDiv = document.getElementById('rs-plugin-settings-inline-css');\r\n\t\t\t\t\tif(htmlDiv) {\r\n\t\t\t\t\t\thtmlDiv.innerHTML = htmlDiv.innerHTML + htmlDivCss;\r\n\t\t\t\t\t}\r\n\t\t\t\t\telse{\r\n\t\t\t\t\t\tvar htmlDiv = document.createElement('div');\r\n\t\t\t\t\t\thtmlDiv.innerHTML = '<style>' + htmlDivCss + '<\/style>';\r\n\t\t\t\t\t\tdocument.getElementsByTagName('head')[0].appendChild(htmlDiv.childNodes[0]);\r\n\t\t\t\t\t}\r\n\t\t\t\t  <\/script><script>\r\n\t\t\t\t\tvar htmlDivCss = unescape(\".hesperiden%20.tp-thumb%20%7B%0A%20%20opacity%3A1%3B%0A%20%20-webkit-perspective%3A%20600px%3B%0A%20%20perspective%3A%20600px%3B%0A%7D%0A.hesperiden%20.tp-thumb%20.tp-thumb-title%20%7B%0A%20%20%20%20font-size%3A12px%3B%0A%20%20%20%20position%3Aabsolute%3B%0A%20%20%20%20margin-top%3A-10px%3B%0A%20%20%20%20color%3A%23fff%3B%0A%20%20%20%20display%3Ablock%3B%0A%20%20%20%20z-index%3A1000%3B%0A%20%20%20%20background-color%3A%23000%3B%0A%20%20%20%20padding%3A5px%2010px%3B%20%0A%20%20%20%20bottom%3A0px%3B%0A%20%20%20%20left%3A0px%3B%0A%20%20%20%20width%3A100%25%3B%0A%20%20box-sizing%3Aborder-box%3B%0A%20%20%20%20text-align%3Acenter%3B%0A%20%20%20%20overflow%3Ahidden%3B%0A%20%20%20%20white-space%3Anowrap%3B%0A%20%20%20%20transition%3Aall%200.3s%3B%0A%20%20%20%20-webkit-transition%3Aall%200.3s%3B%0A%20%20%20%20transform%3Arotatex%2890deg%29%20translatez%280.001px%29%3B%0A%20%20%20%20transform-origin%3A50%25%20100%25%3B%0A%20%20%20%20-webkit-transform%3Arotatex%2890deg%29%20translatez%280.001px%29%3B%0A%20%20%20%20-webkit-transform-origin%3A50%25%20100%25%3B%0A%20%20%20%20opacity%3A0%3B%0A%20%7D%0A.hesperiden%20.tp-thumb%3Ahover%20.tp-thumb-title%20%7B%0A%20%20%09%20transform%3Arotatex%280deg%29%3B%0A%20%20%20%20-webkit-transform%3Arotatex%280deg%29%3B%0A%20%20%20%20opacity%3A1%3B%0A%7D%0A\");\r\n\t\t\t\t\tvar htmlDiv = document.getElementById('rs-plugin-settings-inline-css');\r\n\t\t\t\t\tif(htmlDiv) {\r\n\t\t\t\t\t\thtmlDiv.innerHTML = htmlDiv.innerHTML + htmlDivCss;\r\n\t\t\t\t\t}\r\n\t\t\t\t\telse{\r\n\t\t\t\t\t\tvar htmlDiv = document.createElement('div');\r\n\t\t\t\t\t\thtmlDiv.innerHTML = '<style>' + htmlDivCss + '<\/style>';\r\n\t\t\t\t\t\tdocument.getElementsByTagName('head')[0].appendChild(htmlDiv.childNodes[0]);\r\n\t\t\t\t\t}\r\n\t\t\t\t  <\/script>\r\n\t\t\t\t<\/div><!-- END REVOLUTION SLIDER -->\n","protected":false},"excerpt":{"rendered":"","protected":false},"author":1,"featured_media":0,"parent":0,"menu_order":0,"comment_status":"closed","ping_status":"open","template":"silder.php","meta":[],"_links":{"self":[{"href":"https:\/\/www.pousadacajuva.com.br\/site\/wp-json\/wp\/v2\/pages\/133"}],"collection":[{"href":"https:\/\/www.pousadacajuva.com.br\/site\/wp-json\/wp\/v2\/pages"}],"about":[{"href":"https:\/\/www.pousadacajuva.com.br\/site\/wp-json\/wp\/v2\/types\/page"}],"author":[{"embeddable":true,"href":"https:\/\/www.pousadacajuva.com.br\/site\/wp-json\/wp\/v2\/users\/1"}],"replies":[{"embeddable":true,"href":"https:\/\/www.pousadacajuva.com.br\/site\/wp-json\/wp\/v2\/comments?post=133"}],"version-history":[{"count":1,"href":"https:\/\/www.pousadacajuva.com.br\/site\/wp-json\/wp\/v2\/pages\/133\/revisions"}],"predecessor-version":[{"id":645,"href":"https:\/\/www.pousadacajuva.com.br\/site\/wp-json\/wp\/v2\/pages\/133\/revisions\/645"}],"wp:attachment":[{"href":"https:\/\/www.pousadacajuva.com.br\/site\/wp-json\/wp\/v2\/media?parent=133"}],"curies":[{"name":"wp","href":"https:\/\/api.w.org\/{rel}","templated":true}]}}