{"id":405,"date":"2017-07-04T05:45:14","date_gmt":"2017-07-04T05:45:14","guid":{"rendered":"http:\/\/www.pousadacajuva.com.br\/site\/?page_id=405"},"modified":"2020-01-20T05:27:28","modified_gmt":"2020-01-20T08:27:28","slug":"politicas-de-cancelamento","status":"publish","type":"page","link":"https:\/\/www.pousadacajuva.com.br\/site\/politicas-de-cancelamento\/","title":{"rendered":"Pol\u00edticas de cancelamento."},"content":{"rendered":"<ul class=\"list list-triangle list-triangle-color\">\n<li><strong>At\u00e9 20 dias antes do check in<\/strong>:<br \/>\nDevolu\u00e7\u00e3o do sinal menos taxa de 10% sobre o valor integral do pacote, referente taxa administrativa.<\/li>\n<li><strong><strong>De 19 a 15 dias antes do check in:<\/strong><\/strong>Sem devolu\u00e7\u00e3o do sinal.<br \/>\nReagendamento da reserva mediante disponibilidade.<\/li>\n<li><strong><strong>De 14 dias antes do check in:<br \/>\n<\/strong><\/strong>Sem devolu\u00e7\u00e3o do sinal e sem reagendamento.<br \/>\nO cancelamento ter\u00e1 que ser efetivado pelo telefone e por e-mail.<\/p>\n<h2>Taxa por pessoa adicional<\/h2>\n<p>\u2022 Cobramos o valor de R$90reais por pessoa adicional na cabana. (acima de 2 adultos)<\/li>\n<\/ul>\n<p>&nbsp;<\/p>\n<p>&nbsp;<\/p>\n","protected":false},"excerpt":{"rendered":"<p>At\u00e9 20 dias antes do check in: Devolu\u00e7\u00e3o do sinal menos taxa de 10% sobre o valor integral do pacote, referente taxa administrativa. De 19 a 15 dias antes do check in:Sem devolu\u00e7\u00e3o do sinal. Reagendamento da reserva mediante disponibilidade. De 14 dias antes do check in: Sem devolu\u00e7\u00e3o do sinal e sem reagendamento. O [&hellip;]<\/p>\n","protected":false},"author":1,"featured_media":0,"parent":0,"menu_order":0,"comment_status":"closed","ping_status":"closed","template":"","meta":[],"_links":{"self":[{"href":"https:\/\/www.pousadacajuva.com.br\/site\/wp-json\/wp\/v2\/pages\/405"}],"collection":[{"href":"https:\/\/www.pousadacajuva.com.br\/site\/wp-json\/wp\/v2\/pages"}],"about":[{"href":"https:\/\/www.pousadacajuva.com.br\/site\/wp-json\/wp\/v2\/types\/page"}],"author":[{"embeddable":true,"href":"https:\/\/www.pousadacajuva.com.br\/site\/wp-json\/wp\/v2\/users\/1"}],"replies":[{"embeddable":true,"href":"https:\/\/www.pousadacajuva.com.br\/site\/wp-json\/wp\/v2\/comments?post=405"}],"version-history":[{"count":16,"href":"https:\/\/www.pousadacajuva.com.br\/site\/wp-json\/wp\/v2\/pages\/405\/revisions"}],"predecessor-version":[{"id":697,"href":"https:\/\/www.pousadacajuva.com.br\/site\/wp-json\/wp\/v2\/pages\/405\/revisions\/697"}],"wp:attachment":[{"href":"https:\/\/www.pousadacajuva.com.br\/site\/wp-json\/wp\/v2\/media?parent=405"}],"curies":[{"name":"wp","href":"https:\/\/api.w.org\/{rel}","templated":true}]}}